{"id":596,"date":"2025-04-06T13:27:10","date_gmt":"2025-04-06T13:27:10","guid":{"rendered":"https:\/\/mufloni.fi\/wp_new\/?page_id=596"},"modified":"2025-04-07T12:21:18","modified_gmt":"2025-04-07T12:21:18","slug":"stout","status":"publish","type":"page","link":"https:\/\/mufloni.fi\/wp_new\/muflonit\/stout\/","title":{"rendered":"STOUT"},"content":{"rendered":"\t\t<div data-elementor-type=\"wp-page\" data-elementor-id=\"596\" class=\"elementor elementor-596\" data-elementor-post-type=\"page\">\n\t\t\t\t<div class=\"elementor-element elementor-element-191e70bb e-flex e-con-boxed e-con e-parent\" data-id=\"191e70bb\" data-element_type=\"container\" data-e-type=\"container\" data-settings=\"{&quot;background_background&quot;:&quot;classic&quot;}\">\n\t\t\t\t\t<div class=\"e-con-inner\">\n\t\t<div class=\"elementor-element elementor-element-141d6542 e-con-full e-flex e-con e-child\" data-id=\"141d6542\" data-element_type=\"container\" data-e-type=\"container\" data-settings=\"{&quot;background_background&quot;:&quot;classic&quot;}\">\n\t\t<div class=\"elementor-element elementor-element-34765653 e-con-full e-flex e-con e-child\" data-id=\"34765653\" data-element_type=\"container\" data-e-type=\"container\">\n\t\t\t\t<div class=\"elementor-element elementor-element-12fcf6c7 elementor-widget__width-initial elementor-widget elementor-widget-image\" data-id=\"12fcf6c7\" data-element_type=\"widget\" data-e-type=\"widget\" data-widget_type=\"image.default\">\n\t\t\t\t<div class=\"elementor-widget-container\">\n\t\t\t\t\t\t\t\t\t\t\t\t\t\t\t<img fetchpriority=\"high\" decoding=\"async\" width=\"400\" height=\"400\" src=\"https:\/\/mufloni.fi\/wp_new\/wp-content\/uploads\/2025\/04\/Etiketti_STOUT.jpg\" class=\"attachment-full size-full wp-image-526\" alt=\"\" srcset=\"https:\/\/mufloni.fi\/wp_new\/wp-content\/uploads\/2025\/04\/Etiketti_STOUT.jpg 400w, https:\/\/mufloni.fi\/wp_new\/wp-content\/uploads\/2025\/04\/Etiketti_STOUT-300x300.jpg 300w, https:\/\/mufloni.fi\/wp_new\/wp-content\/uploads\/2025\/04\/Etiketti_STOUT-150x150.jpg 150w\" sizes=\"(max-width: 400px) 100vw, 400px\" \/>\t\t\t\t\t\t\t\t\t\t\t\t\t\t\t<\/div>\n\t\t\t\t<\/div>\n\t\t\t\t<\/div>\n\t\t<div class=\"elementor-element elementor-element-109b4886 e-con-full e-flex e-con e-child\" data-id=\"109b4886\" data-element_type=\"container\" data-e-type=\"container\">\n\t\t\t\t<div class=\"elementor-element elementor-element-7ad30ddf elementor-widget__width-inherit elementor-widget elementor-widget-heading\" data-id=\"7ad30ddf\" data-element_type=\"widget\" data-e-type=\"widget\" data-widget_type=\"heading.default\">\n\t\t\t\t<div class=\"elementor-widget-container\">\n\t\t\t\t\t<h2 class=\"elementor-heading-title elementor-size-default\"><div style=\"background-image: initial;background-position: 0px 0px;background-size: initial;background-repeat: initial;background-attachment: initial;border: 0px;margin: 0px 0px 35px;padding: 0px;vertical-align: baseline;font-family: Raleway, sans-serif;font-size: 14px;font-weight: 400\"><div style=\"background: 0px 0px;border: 0px;margin: 0px;padding: 0px;vertical-align: baseline\"><div style=\"background-image: initial;background-position: 0px 0px;background-size: initial;background-repeat: initial;background-attachment: initial;border: 0px;margin: 0px 0px 35px;padding: 0px;vertical-align: baseline\"><div style=\"background: 0px 0px;border: 0px;margin: 0px;padding: 0px;vertical-align: baseline\"><h1 style=\"background: 0px 0px;border: 0px;margin: 0px;padding: 0px;vertical-align: baseline;font-size: 30px;line-height: 1.25em\">SUKLAINEN PEHME\u00c4 STOUT<span style=\"color: var( --e-global-color-f35e82f );font-family: Rubik, sans-serif;font-size: 27px;text-align: var(--text-align);background-color: var( --e-global-color-a4d8168 )\"><\/span><\/h1><\/div><\/div><\/div><\/div><\/h2>\t\t\t\t<\/div>\n\t\t\t\t<\/div>\n\t\t\t\t<div class=\"elementor-element elementor-element-590b661e elementor-widget elementor-widget-text-editor\" data-id=\"590b661e\" data-element_type=\"widget\" data-e-type=\"widget\" data-widget_type=\"text-editor.default\">\n\t\t\t\t<div class=\"elementor-widget-container\">\n\t\t\t\t\t\t\t\t\t<p class=\"p1\">Musta, paahteinen ja kahvin ja suklaan sek\u00e4 lakritsin arominen, mukavan maltainen ja l\u00e4mmin stout<\/p><div><p>Stoutissa on k\u00e4ytetty humalina columbus ja cascade. Valmistuksessa on k\u00e4ytetty perinteisen ohran lis\u00e4ksi my\u00f6s kauramallasta.<\/p><\/div><div class=\"vc_row wpb_row section vc_row-fluid \"><div class=\" full_section_inner clearfix\"><div class=\"wpb_column vc_column_container vc_col-sm-12\"><div class=\"vc_column-inner \"><div class=\"wpb_wrapper\">\u00a0<\/div><\/div><\/div><\/div><\/div>\t\t\t\t\t\t\t\t<\/div>\n\t\t\t\t<\/div>\n\t\t\t\t<\/div>\n\t\t<div class=\"elementor-element elementor-element-3e8343a6 e-con-full e-flex e-con e-child\" data-id=\"3e8343a6\" data-element_type=\"container\" data-e-type=\"container\">\n\t\t<div class=\"elementor-element elementor-element-1f3c0b32 e-con-full animated-slow e-flex elementor-invisible e-con e-child\" data-id=\"1f3c0b32\" data-element_type=\"container\" data-e-type=\"container\" data-settings=\"{&quot;animation&quot;:&quot;fadeInLeft&quot;,&quot;animation_delay&quot;:700}\">\n\t\t<div class=\"elementor-element elementor-element-57975a81 e-grid e-con-full e-con e-child\" data-id=\"57975a81\" data-element_type=\"container\" data-e-type=\"container\">\n\t\t\t\t<div class=\"elementor-element elementor-element-5447ca02 elementor-widget elementor-widget-text-editor\" data-id=\"5447ca02\" data-element_type=\"widget\" data-e-type=\"widget\" data-widget_type=\"text-editor.default\">\n\t\t\t\t<div class=\"elementor-widget-container\">\n\t\t\t\t\t\t\t\t\t<p><strong>ALKOHOLI<\/strong><\/p><p><span style=\"color: #999999;\">7,0%<\/span><\/p>\t\t\t\t\t\t\t\t<\/div>\n\t\t\t\t<\/div>\n\t\t\t\t<div class=\"elementor-element elementor-element-21114de0 elementor-view-default elementor-widget elementor-widget-icon\" data-id=\"21114de0\" data-element_type=\"widget\" data-e-type=\"widget\" data-widget_type=\"icon.default\">\n\t\t\t\t<div class=\"elementor-widget-container\">\n\t\t\t\t\t\t\t<div class=\"elementor-icon-wrapper\">\n\t\t\t<div class=\"elementor-icon\">\n\t\t\t<svg aria-hidden=\"true\" class=\"e-font-icon-svg e-fas-percent\" viewBox=\"0 0 448 512\" xmlns=\"http:\/\/www.w3.org\/2000\/svg\"><path d=\"M112 224c61.9 0 112-50.1 112-112S173.9 0 112 0 0 50.1 0 112s50.1 112 112 112zm0-160c26.5 0 48 21.5 48 48s-21.5 48-48 48-48-21.5-48-48 21.5-48 48-48zm224 224c-61.9 0-112 50.1-112 112s50.1 112 112 112 112-50.1 112-112-50.1-112-112-112zm0 160c-26.5 0-48-21.5-48-48s21.5-48 48-48 48 21.5 48 48-21.5 48-48 48zM392.3.2l31.6-.1c19.4-.1 30.9 21.8 19.7 37.8L77.4 501.6a23.95 23.95 0 0 1-19.6 10.2l-33.4.1c-19.5 0-30.9-21.9-19.7-37.8l368-463.7C377.2 4 384.5.2 392.3.2z\"><\/path><\/svg>\t\t\t<\/div>\n\t\t<\/div>\n\t\t\t\t\t\t<\/div>\n\t\t\t\t<\/div>\n\t\t\t\t<div class=\"elementor-element elementor-element-63bbc959 elementor-widget elementor-widget-text-editor\" data-id=\"63bbc959\" data-element_type=\"widget\" data-e-type=\"widget\" data-widget_type=\"text-editor.default\">\n\t\t\t\t<div class=\"elementor-widget-container\">\n\t\t\t\t\t\t\t\t\t<p><strong>KANTAVIERRE<\/strong><\/p><p><span style=\"font-family: -apple-system, BlinkMacSystemFont, 'Segoe UI', Roboto, 'Helvetica Neue', Arial, 'Noto Sans', sans-serif, 'Apple Color Emoji', 'Segoe UI Emoji', 'Segoe UI Symbol', 'Noto Color Emoji'; color: #999999;\">17,5 \u00b0P<\/span><\/p><div class=\"qode-item-icon\">\u00a0<\/div>\t\t\t\t\t\t\t\t<\/div>\n\t\t\t\t<\/div>\n\t\t\t\t<div class=\"elementor-element elementor-element-753efd81 elementor-view-default elementor-widget elementor-widget-icon\" data-id=\"753efd81\" data-element_type=\"widget\" data-e-type=\"widget\" data-widget_type=\"icon.default\">\n\t\t\t\t<div class=\"elementor-widget-container\">\n\t\t\t\t\t\t\t<div class=\"elementor-icon-wrapper\">\n\t\t\t<div class=\"elementor-icon\">\n\t\t\t<svg aria-hidden=\"true\" class=\"e-font-icon-svg e-fas-boxes\" viewBox=\"0 0 576 512\" xmlns=\"http:\/\/www.w3.org\/2000\/svg\"><path d=\"M560 288h-80v96l-32-21.3-32 21.3v-96h-80c-8.8 0-16 7.2-16 16v192c0 8.8 7.2 16 16 16h224c8.8 0 16-7.2 16-16V304c0-8.8-7.2-16-16-16zm-384-64h224c8.8 0 16-7.2 16-16V16c0-8.8-7.2-16-16-16h-80v96l-32-21.3L256 96V0h-80c-8.8 0-16 7.2-16 16v192c0 8.8 7.2 16 16 16zm64 64h-80v96l-32-21.3L96 384v-96H16c-8.8 0-16 7.2-16 16v192c0 8.8 7.2 16 16 16h224c8.8 0 16-7.2 16-16V304c0-8.8-7.2-16-16-16z\"><\/path><\/svg>\t\t\t<\/div>\n\t\t<\/div>\n\t\t\t\t\t\t<\/div>\n\t\t\t\t<\/div>\n\t\t\t\t<div class=\"elementor-element elementor-element-40fb3278 elementor-widget elementor-widget-text-editor\" data-id=\"40fb3278\" data-element_type=\"widget\" data-e-type=\"widget\" data-widget_type=\"text-editor.default\">\n\t\t\t\t<div class=\"elementor-widget-container\">\n\t\t\t\t\t\t\t\t\t<p><strong>KATKEROT<\/strong><\/p><p><span style=\"color: #999999;\">35 EBU<\/span><\/p>\t\t\t\t\t\t\t\t<\/div>\n\t\t\t\t<\/div>\n\t\t\t\t<div class=\"elementor-element elementor-element-68e0d1e8 elementor-view-default elementor-widget elementor-widget-icon\" data-id=\"68e0d1e8\" data-element_type=\"widget\" data-e-type=\"widget\" data-widget_type=\"icon.default\">\n\t\t\t\t<div class=\"elementor-widget-container\">\n\t\t\t\t\t\t\t<div class=\"elementor-icon-wrapper\">\n\t\t\t<div class=\"elementor-icon\">\n\t\t\t<svg aria-hidden=\"true\" class=\"e-font-icon-svg e-fas-heartbeat\" viewBox=\"0 0 512 512\" xmlns=\"http:\/\/www.w3.org\/2000\/svg\"><path d=\"M320.2 243.8l-49.7 99.4c-6 12.1-23.4 11.7-28.9-.6l-56.9-126.3-30 71.7H60.6l182.5 186.5c7.1 7.3 18.6 7.3 25.7 0L451.4 288H342.3l-22.1-44.2zM473.7 73.9l-2.4-2.5c-51.5-52.6-135.8-52.6-187.4 0L256 100l-27.9-28.5c-51.5-52.7-135.9-52.7-187.4 0l-2.4 2.4C-10.4 123.7-12.5 203 31 256h102.4l35.9-86.2c5.4-12.9 23.6-13.2 29.4-.4l58.2 129.3 49-97.9c5.9-11.8 22.7-11.8 28.6 0l27.6 55.2H481c43.5-53 41.4-132.3-7.3-182.1z\"><\/path><\/svg>\t\t\t<\/div>\n\t\t<\/div>\n\t\t\t\t\t\t<\/div>\n\t\t\t\t<\/div>\n\t\t\t\t<\/div>\n\t\t\t\t<\/div>\n\t\t<div class=\"elementor-element elementor-element-7e634426 e-con-full e-flex e-con e-child\" data-id=\"7e634426\" data-element_type=\"container\" data-e-type=\"container\">\n\t\t\t\t<div class=\"elementor-element elementor-element-5176ac8e elementor-invisible elementor-widget elementor-widget-image\" data-id=\"5176ac8e\" data-element_type=\"widget\" data-e-type=\"widget\" data-settings=\"{&quot;_animation&quot;:&quot;fadeIn&quot;}\" data-widget_type=\"image.default\">\n\t\t\t\t<div class=\"elementor-widget-container\">\n\t\t\t\t\t\t\t\t\t\t\t\t\t\t\t<img decoding=\"async\" width=\"260\" height=\"557\" src=\"https:\/\/mufloni.fi\/wp_new\/wp-content\/uploads\/2025\/04\/Stout_pieni.png\" class=\"attachment-large size-large wp-image-592\" alt=\"\" srcset=\"https:\/\/mufloni.fi\/wp_new\/wp-content\/uploads\/2025\/04\/Stout_pieni.png 260w, https:\/\/mufloni.fi\/wp_new\/wp-content\/uploads\/2025\/04\/Stout_pieni-140x300.png 140w\" sizes=\"(max-width: 260px) 100vw, 260px\" \/>\t\t\t\t\t\t\t\t\t\t\t\t\t\t\t<\/div>\n\t\t\t\t<\/div>\n\t\t\t\t<\/div>\n\t\t<div class=\"elementor-element elementor-element-7b267f7 e-con-full animated-slow e-flex elementor-invisible e-con e-child\" data-id=\"7b267f7\" data-element_type=\"container\" data-e-type=\"container\" data-settings=\"{&quot;animation&quot;:&quot;fadeInRight&quot;,&quot;animation_delay&quot;:700}\">\n\t\t<div class=\"elementor-element elementor-element-184f9f48 e-grid e-con-full e-con e-child\" data-id=\"184f9f48\" data-element_type=\"container\" data-e-type=\"container\">\n\t\t\t\t<div class=\"elementor-element elementor-element-5929aab6 elementor-view-default elementor-widget elementor-widget-icon\" data-id=\"5929aab6\" data-element_type=\"widget\" data-e-type=\"widget\" data-widget_type=\"icon.default\">\n\t\t\t\t<div class=\"elementor-widget-container\">\n\t\t\t\t\t\t\t<div class=\"elementor-icon-wrapper\">\n\t\t\t<div class=\"elementor-icon\">\n\t\t\t<svg aria-hidden=\"true\" class=\"e-font-icon-svg e-fas-beer\" viewBox=\"0 0 448 512\" xmlns=\"http:\/\/www.w3.org\/2000\/svg\"><path d=\"M368 96h-48V56c0-13.255-10.745-24-24-24H24C10.745 32 0 42.745 0 56v400c0 13.255 10.745 24 24 24h272c13.255 0 24-10.745 24-24v-42.11l80.606-35.977C429.396 365.063 448 336.388 448 304.86V176c0-44.112-35.888-80-80-80zm16 208.86a16.018 16.018 0 0 1-9.479 14.611L320 343.805V160h48c8.822 0 16 7.178 16 16v128.86zM208 384c-8.836 0-16-7.164-16-16V144c0-8.836 7.164-16 16-16s16 7.164 16 16v224c0 8.836-7.164 16-16 16zm-96 0c-8.836 0-16-7.164-16-16V144c0-8.836 7.164-16 16-16s16 7.164 16 16v224c0 8.836-7.164 16-16 16z\"><\/path><\/svg>\t\t\t<\/div>\n\t\t<\/div>\n\t\t\t\t\t\t<\/div>\n\t\t\t\t<\/div>\n\t\t\t\t<div class=\"elementor-element elementor-element-322f1ec0 elementor-widget elementor-widget-text-editor\" data-id=\"322f1ec0\" data-element_type=\"widget\" data-e-type=\"widget\" data-widget_type=\"text-editor.default\">\n\t\t\t\t<div class=\"elementor-widget-container\">\n\t\t\t\t\t\t\t\t\t<p><strong>TYYLI<\/strong><\/p><p>STOUT<\/p>\t\t\t\t\t\t\t\t<\/div>\n\t\t\t\t<\/div>\n\t\t\t\t<div class=\"elementor-element elementor-element-5489486 elementor-view-default elementor-widget elementor-widget-icon\" data-id=\"5489486\" data-element_type=\"widget\" data-e-type=\"widget\" data-widget_type=\"icon.default\">\n\t\t\t\t<div class=\"elementor-widget-container\">\n\t\t\t\t\t\t\t<div class=\"elementor-icon-wrapper\">\n\t\t\t<div class=\"elementor-icon\">\n\t\t\t<svg aria-hidden=\"true\" class=\"e-font-icon-svg e-fas-thermometer-empty\" viewBox=\"0 0 256 512\" xmlns=\"http:\/\/www.w3.org\/2000\/svg\"><path d=\"M192 384c0 35.346-28.654 64-64 64s-64-28.654-64-64c0-35.346 28.654-64 64-64s64 28.654 64 64zm32-84.653c19.912 22.563 32 52.194 32 84.653 0 70.696-57.303 128-128 128-.299 0-.609-.001-.909-.003C56.789 511.509-.357 453.636.002 383.333.166 351.135 12.225 321.755 32 299.347V96c0-53.019 42.981-96 96-96s96 42.981 96 96v203.347zM208 384c0-34.339-19.37-52.19-32-66.502V96c0-26.467-21.533-48-48-48S80 69.533 80 96v221.498c-12.732 14.428-31.825 32.1-31.999 66.08-.224 43.876 35.563 80.116 79.423 80.42L128 464c44.112 0 80-35.888 80-80z\"><\/path><\/svg>\t\t\t<\/div>\n\t\t<\/div>\n\t\t\t\t\t\t<\/div>\n\t\t\t\t<\/div>\n\t\t\t\t<div class=\"elementor-element elementor-element-2b91a573 elementor-widget elementor-widget-text-editor\" data-id=\"2b91a573\" data-element_type=\"widget\" data-e-type=\"widget\" data-widget_type=\"text-editor.default\">\n\t\t\t\t<div class=\"elementor-widget-container\">\n\t\t\t\t\t\t\t\t\t<p><strong>TARJOILUL\u00c4MP\u00d6TILA<\/strong><\/p><p><span style=\"font-family: -apple-system, BlinkMacSystemFont, 'Segoe UI', Roboto, 'Helvetica Neue', Arial, 'Noto Sans', sans-serif, 'Apple Color Emoji', 'Segoe UI Emoji', 'Segoe UI Symbol', 'Noto Color Emoji'; color: #999999;\">10 &#8211; 12 \u00b0C<\/span><\/p><div class=\"qode-item-icon\" style=\"text-align: left;\">\u00a0<\/div>\t\t\t\t\t\t\t\t<\/div>\n\t\t\t\t<\/div>\n\t\t\t\t<div class=\"elementor-element elementor-element-68907594 elementor-view-default elementor-widget elementor-widget-icon\" data-id=\"68907594\" data-element_type=\"widget\" data-e-type=\"widget\" data-widget_type=\"icon.default\">\n\t\t\t\t<div class=\"elementor-widget-container\">\n\t\t\t\t\t\t\t<div class=\"elementor-icon-wrapper\">\n\t\t\t<div class=\"elementor-icon\">\n\t\t\t<svg aria-hidden=\"true\" class=\"e-font-icon-svg e-fas-palette\" viewBox=\"0 0 512 512\" xmlns=\"http:\/\/www.w3.org\/2000\/svg\"><path d=\"M204.3 5C104.9 24.4 24.8 104.3 5.2 203.4c-37 187 131.7 326.4 258.8 306.7 41.2-6.4 61.4-54.6 42.5-91.7-23.1-45.4 9.9-98.4 60.9-98.4h79.7c35.8 0 64.8-29.6 64.9-65.3C511.5 97.1 368.1-26.9 204.3 5zM96 320c-17.7 0-32-14.3-32-32s14.3-32 32-32 32 14.3 32 32-14.3 32-32 32zm32-128c-17.7 0-32-14.3-32-32s14.3-32 32-32 32 14.3 32 32-14.3 32-32 32zm128-64c-17.7 0-32-14.3-32-32s14.3-32 32-32 32 14.3 32 32-14.3 32-32 32zm128 64c-17.7 0-32-14.3-32-32s14.3-32 32-32 32 14.3 32 32-14.3 32-32 32z\"><\/path><\/svg>\t\t\t<\/div>\n\t\t<\/div>\n\t\t\t\t\t\t<\/div>\n\t\t\t\t<\/div>\n\t\t\t\t<div class=\"elementor-element elementor-element-2c766647 elementor-widget elementor-widget-text-editor\" data-id=\"2c766647\" data-element_type=\"widget\" data-e-type=\"widget\" data-widget_type=\"text-editor.default\">\n\t\t\t\t<div class=\"elementor-widget-container\">\n\t\t\t\t\t\t\t\t\t<p><strong>V\u00c4RI<\/strong><\/p><p><span style=\"color: #999999;\">150 EBC<\/span><\/p>\t\t\t\t\t\t\t\t<\/div>\n\t\t\t\t<\/div>\n\t\t\t\t<\/div>\n\t\t\t\t<\/div>\n\t\t<div class=\"elementor-element elementor-element-4e187e6b e-con-full e-flex e-con e-child\" data-id=\"4e187e6b\" data-element_type=\"container\" data-e-type=\"container\">\n\t\t\t\t<div class=\"elementor-element elementor-element-5262d56d elementor-widget__width-initial elementor-widget elementor-widget-text-editor\" data-id=\"5262d56d\" data-element_type=\"widget\" data-e-type=\"widget\" data-widget_type=\"text-editor.default\">\n\t\t\t\t<div class=\"elementor-widget-container\">\n\t\t\t\t\t\t\t\t\t<p><em>&#8221;Aloitimme oluen panemisen perheyrityksen\u00e4 vuonna 1998, ja oluen valmistus jatkuu t\u00e4ll\u00e4 hetkell\u00e4 jo kolmannessa polvessa.&#8221;<\/em><\/p>\t\t\t\t\t\t\t\t<\/div>\n\t\t\t\t<\/div>\n\t\t\t\t<\/div>\n\t\t\t\t<\/div>\n\t\t\t\t<\/div>\n\t\t\t\t\t<\/div>\n\t\t\t\t<\/div>\n\t\t\t\t<\/div>\n\t\t","protected":false},"excerpt":{"rendered":"<p>SUKLAINEN PEHME\u00c4 STOUT Musta, paahteinen ja kahvin ja suklaan sek\u00e4 lakritsin arominen, mukavan maltainen ja l\u00e4mmin stout Stoutissa on k\u00e4ytetty humalina columbus ja cascade. Valmistuksessa on k\u00e4ytetty perinteisen ohran lis\u00e4ksi my\u00f6s kauramallasta. \u00a0 ALKOHOLI 7,0% KANTAVIERRE 17,5 \u00b0P \u00a0 KATKEROT 35 EBU TYYLI STOUT TARJOILUL\u00c4MP\u00d6TILA 10 &#8211; 12 \u00b0C \u00a0 V\u00c4RI 150 EBC &#8221;Aloitimme oluen [&hellip;]<\/p>\n","protected":false},"author":1,"featured_media":0,"parent":118,"menu_order":0,"comment_status":"closed","ping_status":"closed","template":"","meta":{"footnotes":""},"class_list":["post-596","page","type-page","status-publish","hentry"],"ams_acf":[],"yoast_head":"<!-- This site is optimized with the Yoast SEO plugin v27.4 - https:\/\/yoast.com\/product\/yoast-seo-wordpress\/ -->\n<title>STOUT - Mufloni<\/title>\n<meta name=\"robots\" content=\"noindex, follow, max-snippet:-1, max-image-preview:large, max-video-preview:-1\" \/>\n<meta property=\"og:locale\" content=\"fi_FI\" \/>\n<meta property=\"og:type\" content=\"article\" \/>\n<meta property=\"og:title\" content=\"STOUT - Mufloni\" \/>\n<meta property=\"og:description\" content=\"SUKLAINEN PEHME\u00c4 STOUT Musta, paahteinen ja kahvin ja suklaan sek\u00e4 lakritsin arominen, mukavan maltainen ja l\u00e4mmin stout Stoutissa on k\u00e4ytetty humalina columbus ja cascade. Valmistuksessa on k\u00e4ytetty perinteisen ohran lis\u00e4ksi my\u00f6s kauramallasta. \u00a0 ALKOHOLI 7,0% KANTAVIERRE 17,5 \u00b0P \u00a0 KATKEROT 35 EBU TYYLI STOUT TARJOILUL\u00c4MP\u00d6TILA 10 &#8211; 12 \u00b0C \u00a0 V\u00c4RI 150 EBC &#8221;Aloitimme oluen [&hellip;]\" \/>\n<meta property=\"og:url\" content=\"https:\/\/mufloni.fi\/wp_new\/muflonit\/stout\/\" \/>\n<meta property=\"og:site_name\" content=\"Mufloni\" \/>\n<meta property=\"article:modified_time\" content=\"2025-04-07T12:21:18+00:00\" \/>\n<meta property=\"og:image\" content=\"https:\/\/mufloni.fi\/wp_new\/wp-content\/uploads\/2025\/04\/Etiketti_STOUT.jpg\" \/>\n\t<meta property=\"og:image:width\" content=\"400\" \/>\n\t<meta property=\"og:image:height\" content=\"400\" \/>\n\t<meta property=\"og:image:type\" content=\"image\/jpeg\" \/>\n<meta name=\"twitter:card\" content=\"summary_large_image\" \/>\n<script type=\"application\/ld+json\" class=\"yoast-schema-graph\">{\"@context\":\"https:\\\/\\\/schema.org\",\"@graph\":[{\"@type\":\"WebPage\",\"@id\":\"https:\\\/\\\/mufloni.fi\\\/wp_new\\\/muflonit\\\/stout\\\/\",\"url\":\"https:\\\/\\\/mufloni.fi\\\/wp_new\\\/muflonit\\\/stout\\\/\",\"name\":\"STOUT - Mufloni\",\"isPartOf\":{\"@id\":\"https:\\\/\\\/mufloni.fi\\\/wp_new\\\/#website\"},\"primaryImageOfPage\":{\"@id\":\"https:\\\/\\\/mufloni.fi\\\/wp_new\\\/muflonit\\\/stout\\\/#primaryimage\"},\"image\":{\"@id\":\"https:\\\/\\\/mufloni.fi\\\/wp_new\\\/muflonit\\\/stout\\\/#primaryimage\"},\"thumbnailUrl\":\"https:\\\/\\\/mufloni.fi\\\/wp_new\\\/wp-content\\\/uploads\\\/2025\\\/04\\\/Etiketti_STOUT.jpg\",\"datePublished\":\"2025-04-06T13:27:10+00:00\",\"dateModified\":\"2025-04-07T12:21:18+00:00\",\"breadcrumb\":{\"@id\":\"https:\\\/\\\/mufloni.fi\\\/wp_new\\\/muflonit\\\/stout\\\/#breadcrumb\"},\"inLanguage\":\"fi\",\"potentialAction\":[{\"@type\":\"ReadAction\",\"target\":[\"https:\\\/\\\/mufloni.fi\\\/wp_new\\\/muflonit\\\/stout\\\/\"]}]},{\"@type\":\"ImageObject\",\"inLanguage\":\"fi\",\"@id\":\"https:\\\/\\\/mufloni.fi\\\/wp_new\\\/muflonit\\\/stout\\\/#primaryimage\",\"url\":\"https:\\\/\\\/mufloni.fi\\\/wp_new\\\/wp-content\\\/uploads\\\/2025\\\/04\\\/Etiketti_STOUT.jpg\",\"contentUrl\":\"https:\\\/\\\/mufloni.fi\\\/wp_new\\\/wp-content\\\/uploads\\\/2025\\\/04\\\/Etiketti_STOUT.jpg\",\"width\":400,\"height\":400},{\"@type\":\"BreadcrumbList\",\"@id\":\"https:\\\/\\\/mufloni.fi\\\/wp_new\\\/muflonit\\\/stout\\\/#breadcrumb\",\"itemListElement\":[{\"@type\":\"ListItem\",\"position\":1,\"name\":\"Etusivu\",\"item\":\"https:\\\/\\\/mufloni.fi\\\/wp_new\\\/\"},{\"@type\":\"ListItem\",\"position\":2,\"name\":\"Muflonit\",\"item\":\"https:\\\/\\\/mufloni.fi\\\/wp_new\\\/muflonit\\\/\"},{\"@type\":\"ListItem\",\"position\":3,\"name\":\"STOUT\"}]},{\"@type\":\"WebSite\",\"@id\":\"https:\\\/\\\/mufloni.fi\\\/wp_new\\\/#website\",\"url\":\"https:\\\/\\\/mufloni.fi\\\/wp_new\\\/\",\"name\":\"Mufloni\",\"description\":\"K\u00e4sity\u00f6oluita vuodesta 1998\",\"publisher\":{\"@id\":\"https:\\\/\\\/mufloni.fi\\\/wp_new\\\/#organization\"},\"potentialAction\":[{\"@type\":\"SearchAction\",\"target\":{\"@type\":\"EntryPoint\",\"urlTemplate\":\"https:\\\/\\\/mufloni.fi\\\/wp_new\\\/?s={search_term_string}\"},\"query-input\":{\"@type\":\"PropertyValueSpecification\",\"valueRequired\":true,\"valueName\":\"search_term_string\"}}],\"inLanguage\":\"fi\"},{\"@type\":\"Organization\",\"@id\":\"https:\\\/\\\/mufloni.fi\\\/wp_new\\\/#organization\",\"name\":\"Mufloni\",\"url\":\"https:\\\/\\\/mufloni.fi\\\/wp_new\\\/\",\"logo\":{\"@type\":\"ImageObject\",\"inLanguage\":\"fi\",\"@id\":\"https:\\\/\\\/mufloni.fi\\\/wp_new\\\/#\\\/schema\\\/logo\\\/image\\\/\",\"url\":\"https:\\\/\\\/mufloni.fi\\\/wp_new\\\/wp-content\\\/uploads\\\/2025\\\/01\\\/Mufloni_logo_iso.png\",\"contentUrl\":\"https:\\\/\\\/mufloni.fi\\\/wp_new\\\/wp-content\\\/uploads\\\/2025\\\/01\\\/Mufloni_logo_iso.png\",\"width\":211,\"height\":211,\"caption\":\"Mufloni\"},\"image\":{\"@id\":\"https:\\\/\\\/mufloni.fi\\\/wp_new\\\/#\\\/schema\\\/logo\\\/image\\\/\"}}]}<\/script>\n<!-- \/ Yoast SEO plugin. -->","yoast_head_json":{"title":"STOUT - Mufloni","robots":{"index":"noindex","follow":"follow","max-snippet":"max-snippet:-1","max-image-preview":"max-image-preview:large","max-video-preview":"max-video-preview:-1"},"og_locale":"fi_FI","og_type":"article","og_title":"STOUT - Mufloni","og_description":"SUKLAINEN PEHME\u00c4 STOUT Musta, paahteinen ja kahvin ja suklaan sek\u00e4 lakritsin arominen, mukavan maltainen ja l\u00e4mmin stout Stoutissa on k\u00e4ytetty humalina columbus ja cascade. Valmistuksessa on k\u00e4ytetty perinteisen ohran lis\u00e4ksi my\u00f6s kauramallasta. \u00a0 ALKOHOLI 7,0% KANTAVIERRE 17,5 \u00b0P \u00a0 KATKEROT 35 EBU TYYLI STOUT TARJOILUL\u00c4MP\u00d6TILA 10 &#8211; 12 \u00b0C \u00a0 V\u00c4RI 150 EBC &#8221;Aloitimme oluen [&hellip;]","og_url":"https:\/\/mufloni.fi\/wp_new\/muflonit\/stout\/","og_site_name":"Mufloni","article_modified_time":"2025-04-07T12:21:18+00:00","og_image":[{"width":400,"height":400,"url":"https:\/\/mufloni.fi\/wp_new\/wp-content\/uploads\/2025\/04\/Etiketti_STOUT.jpg","type":"image\/jpeg"}],"twitter_card":"summary_large_image","schema":{"@context":"https:\/\/schema.org","@graph":[{"@type":"WebPage","@id":"https:\/\/mufloni.fi\/wp_new\/muflonit\/stout\/","url":"https:\/\/mufloni.fi\/wp_new\/muflonit\/stout\/","name":"STOUT - Mufloni","isPartOf":{"@id":"https:\/\/mufloni.fi\/wp_new\/#website"},"primaryImageOfPage":{"@id":"https:\/\/mufloni.fi\/wp_new\/muflonit\/stout\/#primaryimage"},"image":{"@id":"https:\/\/mufloni.fi\/wp_new\/muflonit\/stout\/#primaryimage"},"thumbnailUrl":"https:\/\/mufloni.fi\/wp_new\/wp-content\/uploads\/2025\/04\/Etiketti_STOUT.jpg","datePublished":"2025-04-06T13:27:10+00:00","dateModified":"2025-04-07T12:21:18+00:00","breadcrumb":{"@id":"https:\/\/mufloni.fi\/wp_new\/muflonit\/stout\/#breadcrumb"},"inLanguage":"fi","potentialAction":[{"@type":"ReadAction","target":["https:\/\/mufloni.fi\/wp_new\/muflonit\/stout\/"]}]},{"@type":"ImageObject","inLanguage":"fi","@id":"https:\/\/mufloni.fi\/wp_new\/muflonit\/stout\/#primaryimage","url":"https:\/\/mufloni.fi\/wp_new\/wp-content\/uploads\/2025\/04\/Etiketti_STOUT.jpg","contentUrl":"https:\/\/mufloni.fi\/wp_new\/wp-content\/uploads\/2025\/04\/Etiketti_STOUT.jpg","width":400,"height":400},{"@type":"BreadcrumbList","@id":"https:\/\/mufloni.fi\/wp_new\/muflonit\/stout\/#breadcrumb","itemListElement":[{"@type":"ListItem","position":1,"name":"Etusivu","item":"https:\/\/mufloni.fi\/wp_new\/"},{"@type":"ListItem","position":2,"name":"Muflonit","item":"https:\/\/mufloni.fi\/wp_new\/muflonit\/"},{"@type":"ListItem","position":3,"name":"STOUT"}]},{"@type":"WebSite","@id":"https:\/\/mufloni.fi\/wp_new\/#website","url":"https:\/\/mufloni.fi\/wp_new\/","name":"Mufloni","description":"K\u00e4sity\u00f6oluita vuodesta 1998","publisher":{"@id":"https:\/\/mufloni.fi\/wp_new\/#organization"},"potentialAction":[{"@type":"SearchAction","target":{"@type":"EntryPoint","urlTemplate":"https:\/\/mufloni.fi\/wp_new\/?s={search_term_string}"},"query-input":{"@type":"PropertyValueSpecification","valueRequired":true,"valueName":"search_term_string"}}],"inLanguage":"fi"},{"@type":"Organization","@id":"https:\/\/mufloni.fi\/wp_new\/#organization","name":"Mufloni","url":"https:\/\/mufloni.fi\/wp_new\/","logo":{"@type":"ImageObject","inLanguage":"fi","@id":"https:\/\/mufloni.fi\/wp_new\/#\/schema\/logo\/image\/","url":"https:\/\/mufloni.fi\/wp_new\/wp-content\/uploads\/2025\/01\/Mufloni_logo_iso.png","contentUrl":"https:\/\/mufloni.fi\/wp_new\/wp-content\/uploads\/2025\/01\/Mufloni_logo_iso.png","width":211,"height":211,"caption":"Mufloni"},"image":{"@id":"https:\/\/mufloni.fi\/wp_new\/#\/schema\/logo\/image\/"}}]}},"_links":{"self":[{"href":"https:\/\/mufloni.fi\/wp_new\/wp-json\/wp\/v2\/pages\/596","targetHints":{"allow":["GET"]}}],"collection":[{"href":"https:\/\/mufloni.fi\/wp_new\/wp-json\/wp\/v2\/pages"}],"about":[{"href":"https:\/\/mufloni.fi\/wp_new\/wp-json\/wp\/v2\/types\/page"}],"author":[{"embeddable":true,"href":"https:\/\/mufloni.fi\/wp_new\/wp-json\/wp\/v2\/users\/1"}],"replies":[{"embeddable":true,"href":"https:\/\/mufloni.fi\/wp_new\/wp-json\/wp\/v2\/comments?post=596"}],"version-history":[{"count":13,"href":"https:\/\/mufloni.fi\/wp_new\/wp-json\/wp\/v2\/pages\/596\/revisions"}],"predecessor-version":[{"id":791,"href":"https:\/\/mufloni.fi\/wp_new\/wp-json\/wp\/v2\/pages\/596\/revisions\/791"}],"up":[{"embeddable":true,"href":"https:\/\/mufloni.fi\/wp_new\/wp-json\/wp\/v2\/pages\/118"}],"wp:attachment":[{"href":"https:\/\/mufloni.fi\/wp_new\/wp-json\/wp\/v2\/media?parent=596"}],"curies":[{"name":"wp","href":"https:\/\/api.w.org\/{rel}","templated":true}]}}